{"id":13,"date":"2025-02-18T17:34:26","date_gmt":"2025-02-18T16:34:26","guid":{"rendered":"https:\/\/securisetontracteur.com\/?page_id=13"},"modified":"2025-10-05T15:59:45","modified_gmt":"2025-10-05T13:59:45","slug":"a-propos-de-nous","status":"publish","type":"page","link":"https:\/\/securisetontracteur.com\/index.php\/a-propos-de-nous\/","title":{"rendered":"A propos de nous"},"content":{"rendered":"\n<p class=\"has-text-align-center has-kubio-color-3-color has-text-color has-link-color has-x-large-font-size wp-elements-ac1c8744fc43ea08a5f770048e1eb2df\"><strong>Qui sommes-nous ?<\/strong><\/p>\n\n\n\n\n\n<p>Nous sommes deux amis, rencontr\u00e9s lors de nos \u00e9tudes d\u2019ing\u00e9nieur en Agriculture et aujourd\u2019hui engag\u00e9s dans le monde agricole.<br><br>Alexis, fort d\u2019une exp\u00e9rience professionnelle, est revenu sur l\u2019exploitation familiale dans l&rsquo;Aube. Tandis que Lorine, \u00e9pouse d\u2019un exploitant agricole dans la Marne, travaille dans le conseil agricole au sein d&rsquo;un cabinet d\u2019expertise comptable et conseil.<\/p>\n\n\n\n<p class=\"has-kubio-color-6-color has-text-color has-link-color wp-elements-b99b4d6a056cdc109ecfc03ed452e116\"><strong>Notre constat<\/strong><\/p>\n\n\n\n<p>Au fil des ann\u00e9es, nous avons vu et v\u00e9cu le vol des \u00e9crans de tracteurs, un fl\u00e9au co\u00fbteux pour les agriculteurs. Si les antennes GPS sont facilement d\u00e9montables, les <strong>\u00e9crans<\/strong> restent <strong>vuln\u00e9rables<\/strong>. Ces outils sont essentiels \u00e0 la gestion des exploitations et leur vol entraine non seulement une <strong>perte financi\u00e8re<\/strong> (franchise d\u2019assurance, co\u00fbt de remplacement\u2026) mais aussi un manque \u00e0 gagner, li\u00e9 \u00e0 l\u2019immobilisation du mat\u00e9riel.<\/p>\n\n\n\n<p class=\"has-kubio-color-6-color has-text-color\"><strong><strong>Notre concept<\/strong><br><br><\/strong>C\u2019est pourquoi <strong>ScreenSaver<\/strong> est la solution&nbsp;: <strong>Un syst\u00e8me rapide<\/strong> et sans effort <strong>permettant de d\u00e9crocher facilement son \u00e9cran pour le mettre en s\u00e9curit\u00e9.<\/strong> Un geste simple pour prot\u00e9ger ses outils et travailler en toute s\u00e9r\u00e9nit\u00e9. <strong>Test\u00e9 sur nos propres exploitations<\/strong>, le dispositif ScreenSaver apporte une v\u00e9ritable tranquillit\u00e9 d\u2019esprit.<br><\/p>\n\n\n\n<p><strong>Notre vision et notre engagement :<\/strong><br><br>Fort de cette innovation, nous avons cr\u00e9\u00e9 la <strong>SAS S\u00c9CURISE TON TRACTEUR<\/strong>, afin de proposer SreenSaver pour les \u00e9crans John Deere, New Holland et Case IH, aux plus grands nombres. Nous devrions pouvoir proposer le syst\u00e8me ScreenSaver, pour d&rsquo;autres marques de tracteurs d&rsquo;ici quelques mois.<br>&nbsp;<br>Notre ambition est de permettre \u00e0 tous les agriculteurs de s\u00e9curiser leurs outils, afin de garantir une exploitation plus sereine et tourn\u00e9e vers l\u2019avenir. <br><strong>Alors regardez cette vid\u00e9o et laissez-vous convaincre !<\/strong><\/p>\n\n\n","protected":false},"excerpt":{"rendered":"<p>Qui sommes-nous ? Nous sommes deux amis, rencontr\u00e9s lors de nos \u00e9tudes d\u2019ing\u00e9nieur en Agriculture et aujourd\u2019hui engag\u00e9s dans le monde agricole. Alexis, fort d\u2019une exp\u00e9rience professionnelle, est revenu sur l\u2019exploitation familiale dans l&rsquo;Aube. Tandis que Lorine, \u00e9pouse d\u2019un exploitant agricole dans la Marne, travaille dans le conseil agricole au sein d&rsquo;un cabinet d\u2019expertise comptable [&hellip;]<\/p>\n","protected":false},"author":1,"featured_media":0,"parent":0,"menu_order":0,"comment_status":"closed","ping_status":"closed","template":"","meta":{"saved_in_kubio":true,"footnotes":""},"class_list":["post-13","page","type-page","status-publish","hentry"],"kubio_ai_page_context":{"short_desc":"","purpose":"general"},"_links":{"self":[{"href":"https:\/\/securisetontracteur.com\/index.php\/wp-json\/wp\/v2\/pages\/13","targetHints":{"allow":["GET"]}}],"collection":[{"href":"https:\/\/securisetontracteur.com\/index.php\/wp-json\/wp\/v2\/pages"}],"about":[{"href":"https:\/\/securisetontracteur.com\/index.php\/wp-json\/wp\/v2\/types\/page"}],"author":[{"embeddable":true,"href":"https:\/\/securisetontracteur.com\/index.php\/wp-json\/wp\/v2\/users\/1"}],"replies":[{"embeddable":true,"href":"https:\/\/securisetontracteur.com\/index.php\/wp-json\/wp\/v2\/comments?post=13"}],"version-history":[{"count":39,"href":"https:\/\/securisetontracteur.com\/index.php\/wp-json\/wp\/v2\/pages\/13\/revisions"}],"predecessor-version":[{"id":922,"href":"https:\/\/securisetontracteur.com\/index.php\/wp-json\/wp\/v2\/pages\/13\/revisions\/922"}],"wp:attachment":[{"href":"https:\/\/securisetontracteur.com\/index.php\/wp-json\/wp\/v2\/media?parent=13"}],"curies":[{"name":"wp","href":"https:\/\/api.w.org\/{rel}","templated":true}]}}