{"id":5,"date":"2025-02-12T16:15:42","date_gmt":"2025-02-12T15:15:42","guid":{"rendered":"https:\/\/securisetontracteur.com\/?page_id=5"},"modified":"2025-03-30T16:23:02","modified_gmt":"2025-03-30T14:23:02","slug":"mentions-legales","status":"publish","type":"page","link":"https:\/\/securisetontracteur.com\/index.php\/mentions-legales\/","title":{"rendered":"Mentions L\u00e9gales"},"content":{"rendered":"\n\n\n<h2 class=\"wp-block-heading has-x-large-font-size\">Editeur du site<\/h2>\n\n\n\n<p>Le site securisetontracteur.com est \u00e9dit\u00e9 par : <\/p>\n\n\n\n<ul class=\"wp-block-list\">\n<li>S\u00c9CURISE TON TRACTEUR<\/li>\n\n\n\n<li><em>Soci\u00e9t\u00e9 par Actions Simplifi\u00e9<\/em>e (SAS)<\/li>\n\n\n\n<li><em>Capital social :<\/em> 5 000 \u20ac<\/li>\n\n\n\n<li><em>Adresse<\/em> du si\u00e8ge : 3 Rue Renon 51260 SARON SUR AUBE<\/li>\n\n\n\n<li><em>Siret<\/em> : 940 959 034<\/li>\n\n\n\n<li><em>n\u00b0 TVA intracommunautaire :<\/em> FR 89940959034<\/li>\n\n\n\n<li>RCS de Reims (Code APE 4789Z)<\/li>\n\n\n\n<li><em>Mail<\/em> : securisetontracteur@gmail.com<\/li>\n<\/ul>\n\n\n\n<h2 class=\"wp-block-heading has-x-large-font-size\">Responsable de la r\u00e9daction<\/h2>\n\n\n\n<ul class=\"wp-block-list\">\n<li>S\u00c9CURISE TON TRACTEUR<\/li>\n\n\n\n<li><em>Soci\u00e9t\u00e9 par Actions Simplifi\u00e9<\/em>e (SAS)<\/li>\n\n\n\n<li><em>Adresse<\/em> du si\u00e8ge : 3 Rue Renon 51260 SARON SUR AUBE<\/li>\n\n\n\n<li><em>Mail<\/em> : securisetontracteur@gmail.com<\/li>\n<\/ul>\n\n\n\n<h2 class=\"wp-block-heading has-x-large-font-size\">H\u00e9bergement <\/h2>\n\n\n\n<p>L&rsquo;h\u00e9bergement du site est r\u00e9alis\u00e9 par la soci\u00e9t\u00e9 OVH :<\/p>\n\n\n\n<ul class=\"wp-block-list\">\n<li>Soci\u00e9t\u00e9 : OVH<\/li>\n\n\n\n<li>Site : <a href=\"https:\/\/ovh.com\">https:\/\/ovh.com<\/a><\/li>\n\n\n\n<li>Tel : +33 9 72 10 10 07<\/li>\n\n\n\n<li>Adresse : 2 Rue Kellermann &#8211; BP 80157 &#8211; 59053 ROUBAIX Cedex 1<\/li>\n\n\n\n<li>Email : <a href=\"mailto:support@ovh.com\">support@ovh.com<\/a><\/li>\n<\/ul>\n\n\n\n<h2 class=\"wp-block-heading has-x-large-font-size\">Donn\u00e9es personnelles<\/h2>\n\n\n\n<p>Conform\u00e9ment \u00e0 la loi Informatique et Libert\u00e9s du 6 Janvier 1978 modifi\u00e9e par la Loi du 6 ao\u00fbt 2004, vous disposez d&rsquo;un droit d&rsquo;acc\u00e8s, de rectification, de modification et de suppression des donn\u00e9es personnelles que vous nous avez communiqu\u00e9es. Vous pouvez exercer ce droit en contactant la SAS S\u00c9CURISE TON TRACTEUR&nbsp;:<\/p>\n\n\n\n<p>SAS S\u00c9CURISE TON TRACTEUR<br>3, Rue Renon 51260 Saron Sur Aube<br>Mail : securisetontracteur@gmail.com<\/p>\n\n\n\n<h2 class=\"wp-block-heading\">Cookies<\/h2>\n\n\n\n<p>Afin d\u2019am\u00e9liorer et de personnaliser la navigation, des cookies peuvent \u00eatre d\u00e9pos\u00e9s sur votre ordinateur.<\/p>\n\n\n\n<p>Vous pouvez choisir de refuser ces cookies en param\u00e9trant votre navigateur. Pour en savoir plus sur le fonctionnement des cookies, nous vous invitons \u00e0 lire cette page sur le site de la CNIL&nbsp;:&nbsp;<a href=\"https:\/\/www.cnil.fr\/fr\/cookies-traceurs-que-dit-la-loi\" target=\"_blank\" rel=\"noreferrer noopener\">informations sur les cookies<\/a>.<\/p>\n\n\n\n<p><\/p>\n","protected":false},"excerpt":{"rendered":"<p>Editeur du site Le site securisetontracteur.com est \u00e9dit\u00e9 par : Responsable de la r\u00e9daction H\u00e9bergement L&rsquo;h\u00e9bergement du site est r\u00e9alis\u00e9 par la soci\u00e9t\u00e9 OVH : Donn\u00e9es personnelles Conform\u00e9ment \u00e0 la loi Informatique et Libert\u00e9s du 6 Janvier 1978 modifi\u00e9e par la Loi du 6 ao\u00fbt 2004, vous disposez d&rsquo;un droit d&rsquo;acc\u00e8s, de rectification, de modification [&hellip;]<\/p>\n","protected":false},"author":1,"featured_media":0,"parent":0,"menu_order":0,"comment_status":"closed","ping_status":"closed","template":"","meta":{"saved_in_kubio":true,"footnotes":""},"class_list":["post-5","page","type-page","status-publish","hentry"],"kubio_ai_page_context":{"short_desc":"","purpose":"general"},"_links":{"self":[{"href":"https:\/\/securisetontracteur.com\/index.php\/wp-json\/wp\/v2\/pages\/5","targetHints":{"allow":["GET"]}}],"collection":[{"href":"https:\/\/securisetontracteur.com\/index.php\/wp-json\/wp\/v2\/pages"}],"about":[{"href":"https:\/\/securisetontracteur.com\/index.php\/wp-json\/wp\/v2\/types\/page"}],"author":[{"embeddable":true,"href":"https:\/\/securisetontracteur.com\/index.php\/wp-json\/wp\/v2\/users\/1"}],"replies":[{"embeddable":true,"href":"https:\/\/securisetontracteur.com\/index.php\/wp-json\/wp\/v2\/comments?post=5"}],"version-history":[{"count":15,"href":"https:\/\/securisetontracteur.com\/index.php\/wp-json\/wp\/v2\/pages\/5\/revisions"}],"predecessor-version":[{"id":621,"href":"https:\/\/securisetontracteur.com\/index.php\/wp-json\/wp\/v2\/pages\/5\/revisions\/621"}],"wp:attachment":[{"href":"https:\/\/securisetontracteur.com\/index.php\/wp-json\/wp\/v2\/media?parent=5"}],"curies":[{"name":"wp","href":"https:\/\/api.w.org\/{rel}","templated":true}]}}